{"id":135,"date":"2020-09-05T09:01:31","date_gmt":"2020-09-05T07:01:31","guid":{"rendered":"http:\/\/demowp.cththemes.net\/monolit\/?page_id=135"},"modified":"2023-10-24T23:09:01","modified_gmt":"2023-10-24T21:09:01","slug":"services","status":"publish","type":"page","link":"https:\/\/delencresurlespieds.com\/?page_id=135","title":{"rendered":"Ateliers"},"content":{"rendered":"<p>[vc_row][vc_column][vc_column_text]L&#8217;association <em>De l&#8217;encre sur les pieds <\/em>propose des ateliers pour tous les \u00e2ges et tous les corps. Nous construisons une p\u00e9dagogie pens\u00e9e pour s&#8217;adapter \u00e0 chacun.e et rendant accessible le processus de cr\u00e9ation en g\u00e9n\u00e9ral, et en danse en particulier.<\/p>\n<p>Pour que chacun.e puisse aller \u00e0 la rencontre de sa propre cr\u00e9ativit\u00e9 et l&#8217;exprimer, nous utilisons des m\u00e9thodes respectueuses du corps et de la libert\u00e9 de chacun.e. Nos outils sont les pratiques somatiques (permettant une prise de conscience de notre corps en mouvement dans son environnement), l&#8217;improvisation guid\u00e9e, des exercices techniques adaptables \u00e0 chaque \u00e9tat de corps, et des techniques de composition chor\u00e9graphique favorisant la cr\u00e9ation collective.<\/p>\n<p>Le groupe est une source intarissable d&#8217;apprentissage et de cr\u00e9ativit\u00e9, c&#8217;est pourquoi notre p\u00e9dagogie int\u00e8gre \u00e9galement une r\u00e9flexion sur les dynamiques collectives, s&#8217;inspirant d&#8217;autres disciplines artistiques ou scientifiques.<\/p>\n<p><strong>Si vous avez envie de danser, de cr\u00e9er, et de faire pousser ces envies avec d&#8217;autres, vous trouverez votre bonheur ci-dessous !<\/strong>[\/vc_column_text][\/vc_column][\/vc_row][vc_row content_placement=&#8221;middle&#8221;][vc_column][vc_raw_html]JTNDaWZyYW1lJTIwd2lkdGglM0QlMjI1NjAlMjIlMjBoZWlnaHQlM0QlMjIzMTUlMjIlMjBzcmMlM0QlMjJodHRwcyUzQSUyRiUyRnd3dy55b3V0dWJlLmNvbSUyRmVtYmVkJTJGM1JrM0hVYk1ySjglMjIlMjBmcmFtZWJvcmRlciUzRCUyMjAlMjIlMjBhbGxvdyUzRCUyMmFjY2VsZXJvbWV0ZXIlM0IlMjBhdXRvcGxheSUzQiUyMGNsaXBib2FyZC13cml0ZSUzQiUyMGVuY3J5cHRlZC1tZWRpYSUzQiUyMGd5cm9zY29wZSUzQiUyMHBpY3R1cmUtaW4tcGljdHVyZSUyMiUyMGFsbG93ZnVsbHNjcmVlbiUzRSUzQyUyRmlmcmFtZSUzRQ==[\/vc_raw_html][vc_column_text]Les \u00e9tourneries #1<br \/>\njuin 2020[\/vc_column_text][\/vc_column][\/vc_row][vc_row][vc_column][vc_column_text]<\/p>\n<h1><strong>Antenne Ile-de-France<\/strong><\/h1>\n<p>[\/vc_column_text][\/vc_column][\/vc_row][vc_row][vc_column width=&#8221;3\/4&#8243;][vc_separator][vc_column_text]<span style=\"font-family: Maiandra GD, sans-serif;\"><span style=\"font-size: small;\"><span style=\"color: #1c3687;\"><span style=\"font-family: Bootcamp;\"><span style=\"font-size: xx-large;\"><b>LaBoum<\/b><\/span><\/span><\/span><span style=\"color: #1c3687;\"><span style=\"font-size: xx-large;\"><br \/>\n<\/span><span style=\"color: #1c3687;\"><span style=\"font-size: medium;\">Jam pour tous les corps et univers sonores<\/span><br \/>\n<\/span><\/span><\/span><\/span><\/p>\n<div class=\"serv-post\">\n<div id=\"serid5f6d16db3da04\" class=\"serv-details\">\n<p>LaBoum est une invitation \u00e0 venir danser<br \/>\n&#8211; comme dans son salon, comme si personne ne regardait<br \/>\n&#8211; juste pour le plaisir<br \/>\n&#8211; avec des personnes qu\u2019on conna\u00eet bien, des personnes qu\u2019on conna\u00eet moins ou qu\u2019on vient juste de rencontrer<br \/>\n&#8211; avec la place pour le corps de s\u2019exprimer dans tous les sens<br \/>\n&#8211; en sautant dans les airs, en se roulant par terre, ou m\u00eame sans avoir l\u2019air de bouger<br \/>\n&#8211; sur les musiques qu\u2019on pr\u00e9f\u00e8re et qu\u2019on aura voulu partager<br \/>\n&#8211; dans une tenue confortable permettant une grande libert\u00e9 de mouvements<br \/>\n&#8211; les chaussures ? c&#8217;est avec ou sans !<br \/>\nC&#8217;est un laboratoire qui ressemble \u00e0 une boum, pas tout \u00e0 fait comme les autres.<br \/>\nEt pour commencer, pour mieux secouer la journ\u00e9e, se connecter \u00e0 notre corps, au moment, au lieu et aux autres, il y a un atelier d&#8217;\u00e9chauffement \/ mise en mouvement de 30 \u00e0 45 minutes au d\u00e9but de la soir\u00e9e.<\/p>\n<\/div>\n<\/div>\n<p>[\/vc_column_text][vc_row_inner][vc_column_inner width=&#8221;1\/2&#8243;][vc_column_text]Informations et inscriptions :<br \/>\nMabeuko<br \/>\n06 30 28 50 84<br \/>\n<a href=\"mailto:obertylae@protonmail.com\">obertylae@protonmail.com<\/a>[\/vc_column_text][\/vc_column_inner][vc_column_inner width=&#8221;1\/4&#8243;][vc_single_image image=&#8221;729&#8243;][\/vc_column_inner][vc_column_inner width=&#8221;1\/4&#8243;][\/vc_column_inner][\/vc_row_inner][\/vc_column][vc_column width=&#8221;1\/4&#8243;][vc_empty_space][vc_single_image image=&#8221;729&#8243; img_size=&#8221;large&#8221; alignment=&#8221;right&#8221;][\/vc_column][\/vc_row][vc_row][vc_column][vc_column_text]<em>Informations compl\u00e9mentaires sur d&#8217;autres ateliers et stages \u00e0 venir !<\/em>[\/vc_column_text][\/vc_column][\/vc_row][vc_row][vc_column][vc_column_text]<\/p>\n<h1><strong>Antenne Bretagne<\/strong><\/h1>\n<p>[\/vc_column_text][\/vc_column][\/vc_row][vc_row][vc_column][vc_column_text]<em>Informations \u00e0 venir.<\/em>[\/vc_column_text][\/vc_column][\/vc_row]<\/p>\n","protected":false},"excerpt":{"rendered":"<p>[vc_row][vc_column][vc_column_text]L&#8217;association De l&#8217;encre sur les pieds propose des ateliers pour tous les \u00e2ges et tous les corps. Nous construisons une p\u00e9dagogie pens\u00e9e pour s&#8217;adapter \u00e0 chacun.e et rendant accessible le processus de cr\u00e9ation en g\u00e9n\u00e9ral, et en danse en particulier. Pour que chacun.e puisse aller \u00e0 la rencontre de sa propre cr\u00e9ativit\u00e9 et l&#8217;exprimer, nous utilisons des m\u00e9thodes respectueuses du corps et de la libert\u00e9 de chacun.e. Nos outils sont les pratiques somatiques (permettant une prise de conscience de notre corps en mouvement dans son environnement), l&#8217;improvisation guid\u00e9e, des exercices techniques adaptables \u00e0 chaque \u00e9tat de corps, et des techniques de composition chor\u00e9graphique favorisant la cr\u00e9ation collective. Le groupe est une source intarissable d&#8217;apprentissage et de cr\u00e9ativit\u00e9, c&#8217;est pourquoi notre p\u00e9dagogie int\u00e8gre \u00e9galement une r\u00e9flexion sur les dynamiques collectives, s&#8217;inspirant d&#8217;autres disciplines artistiques ou scientifiques. Si vous avez envie de danser, de cr\u00e9er, et de faire pousser ces envies avec d&#8217;autres, vous trouverez votre bonheur ci-dessous ![\/vc_column_text][\/vc_column][\/vc_row][vc_row content_placement=&#8221;middle&#8221;][vc_column][vc_raw_html]JTNDaWZyYW1lJTIwd2lkdGglM0QlMjI1NjAlMjIlMjBoZWlnaHQlM0QlMjIzMTUlMjIlMjBzcmMlM0QlMjJodHRwcyUzQSUyRiUyRnd3dy55b3V0dWJlLmNvbSUyRmVtYmVkJTJGM1JrM0hVYk1ySjglMjIlMjBmcmFtZWJvcmRlciUzRCUyMjAlMjIlMjBhbGxvdyUzRCUyMmFjY2VsZXJvbWV0ZXIlM0IlMjBhdXRvcGxheSUzQiUyMGNsaXBib2FyZC13cml0ZSUzQiUyMGVuY3J5cHRlZC1tZWRpYSUzQiUyMGd5cm9zY29wZSUzQiUyMHBpY3R1cmUtaW4tcGljdHVyZSUyMiUyMGFsbG93ZnVsbHNjcmVlbiUzRSUzQyUyRmlmcmFtZSUzRQ==[\/vc_raw_html][vc_column_text]Les \u00e9tourneries #1 juin 2020[\/vc_column_text][\/vc_column][\/vc_row][vc_row][vc_column][vc_column_text] Antenne Ile-de-France [\/vc_column_text][\/vc_column][\/vc_row][vc_row][vc_column width=&#8221;3\/4&#8243;][vc_separator][vc_column_text]LaBoum Jam pour tous les corps et univers sonores LaBoum est une invitation \u00e0 venir danser &#8211; comme dans son salon, comme si personne ne regardait &#8211; juste pour le plaisir &#8211; avec des personnes qu\u2019on conna\u00eet bien, des personnes qu\u2019on conna\u00eet moins ou qu\u2019on vient juste de rencontrer &#8211; avec la place pour le corps de s\u2019exprimer dans tous les sens &#8211; en sautant dans les airs, en se roulant par terre, ou m\u00eame sans avoir l\u2019air de bouger &#8211; sur les musiques qu\u2019on pr\u00e9f\u00e8re et qu\u2019on aura voulu partager &#8211; dans une tenue confortable permettant une grande libert\u00e9 de mouvements &#8211; les chaussures ? c&#8217;est avec ou sans ! C&#8217;est un laboratoire qui ressemble \u00e0 une boum, pas tout \u00e0 fait comme les autres. Et pour commencer, pour mieux secouer la journ\u00e9e, se connecter \u00e0 notre corps, au moment, au lieu et aux autres, il y a un atelier d&#8217;\u00e9chauffement \/ mise en mouvement de 30 \u00e0 45 minutes au d\u00e9but de la soir\u00e9e. [\/vc_column_text][vc_row_inner][vc_column_inner width=&#8221;1\/2&#8243;][vc_column_text]Informations et inscriptions : Mabeuko 06 30 28 50 84 obertylae@protonmail.com[\/vc_column_text][\/vc_column_inner][vc_column_inner width=&#8221;1\/4&#8243;][vc_single_image image=&#8221;729&#8243;][\/vc_column_inner][vc_column_inner width=&#8221;1\/4&#8243;][\/vc_column_inner][\/vc_row_inner][\/vc_column][vc_column width=&#8221;1\/4&#8243;][vc_empty_space][vc_single_image image=&#8221;729&#8243; img_size=&#8221;large&#8221; alignment=&#8221;right&#8221;][\/vc_column][\/vc_row][vc_row][vc_column][vc_column_text]Informations compl\u00e9mentaires sur d&#8217;autres ateliers et stages \u00e0 venir ![\/vc_column_text][\/vc_column][\/vc_row][vc_row][vc_column][vc_column_text] Antenne Bretagne [\/vc_column_text][\/vc_column][\/vc_row][vc_row][vc_column][vc_column_text]Informations \u00e0 venir.[\/vc_column_text][\/vc_column][\/vc_row]<\/p>\n","protected":false},"author":2,"featured_media":0,"parent":0,"menu_order":0,"comment_status":"closed","ping_status":"closed","template":"","meta":{"footnotes":""},"_links":{"self":[{"href":"https:\/\/delencresurlespieds.com\/index.php?rest_route=\/wp\/v2\/pages\/135"}],"collection":[{"href":"https:\/\/delencresurlespieds.com\/index.php?rest_route=\/wp\/v2\/pages"}],"about":[{"href":"https:\/\/delencresurlespieds.com\/index.php?rest_route=\/wp\/v2\/types\/page"}],"author":[{"embeddable":true,"href":"https:\/\/delencresurlespieds.com\/index.php?rest_route=\/wp\/v2\/users\/2"}],"replies":[{"embeddable":true,"href":"https:\/\/delencresurlespieds.com\/index.php?rest_route=%2Fwp%2Fv2%2Fcomments&post=135"}],"version-history":[{"count":36,"href":"https:\/\/delencresurlespieds.com\/index.php?rest_route=\/wp\/v2\/pages\/135\/revisions"}],"predecessor-version":[{"id":854,"href":"https:\/\/delencresurlespieds.com\/index.php?rest_route=\/wp\/v2\/pages\/135\/revisions\/854"}],"wp:attachment":[{"href":"https:\/\/delencresurlespieds.com\/index.php?rest_route=%2Fwp%2Fv2%2Fmedia&parent=135"}],"curies":[{"name":"wp","href":"https:\/\/api.w.org\/{rel}","templated":true}]}}