{"id":172,"date":"2016-02-21T15:46:30","date_gmt":"2016-02-21T15:46:30","guid":{"rendered":"http:\/\/demowp.cththemes.net\/monolit\/?page_id=172"},"modified":"2025-07-03T15:38:42","modified_gmt":"2025-07-03T13:38:42","slug":"contact","status":"publish","type":"page","link":"https:\/\/delencresurlespieds.com\/?page_id=172","title":{"rendered":"Nous contacter"},"content":{"rendered":"\n<ul>\n<li><strong>Au sujet des activit\u00e9s de l&#8217;antenne Ile-de-France :<\/strong><br><a rel=\"noreferrer noopener\" href=\"mailto:contact@delencresurlespieds.com\" target=\"_blank\">contact@delencresurlespieds.com<\/a><br>Katya Goldberg<br>Clara Piart<br>Ana\u00efs Schmitt<br>Mabeuko Oberty<\/li>\n\n\n\n<li><strong>Au sujet des activit\u00e9s de l&#8217;antenne Bretagne :<\/strong><br><a href=\"mailto:bretagne@delencresurlespieds.com\">bretagne@delencresurlespieds.com<\/a><br>Laure Fouard<\/li>\n\n\n\n<li><strong>Pour des informations g\u00e9n\u00e9rales au sujet de l&#8217;association :<\/strong><br><a rel=\"noreferrer noopener\" href=\"mailto:contact@delencresurlespieds.com\" target=\"_blank\">contact@delencresurlespieds.com<\/a><\/li>\n\n\n\n<li><strong>Facebook :<\/strong> <a href=\"https:\/\/www.facebook.com\/pg\/De-lencre-sur-les-pieds-725794764283422\">&#8220;De l&#8217;encre sur les pieds&#8221;<\/a><\/li>\n<\/ul>\n","protected":false},"excerpt":{"rendered":"Au sujet des activit\u00e9s de l'antenne Ile-de-France :contact@delencresurlespieds.comKatya GoldbergClara PiartAna\u00efs SchmittMabeuko Oberty Au sujet des activit\u00e9s de l'antenne Bretagne :bretagne@delencresurlespieds.comLaure Fouard Pour des informations g\u00e9n\u00e9rales au sujet de l'association :contact@delencresurlespieds.com Facebook : \"De l'encre sur les pieds\"","protected":false},"author":2,"featured_media":0,"parent":0,"menu_order":0,"comment_status":"closed","ping_status":"closed","template":"","meta":{"footnotes":""},"_links":{"self":[{"href":"https:\/\/delencresurlespieds.com\/index.php?rest_route=\/wp\/v2\/pages\/172"}],"collection":[{"href":"https:\/\/delencresurlespieds.com\/index.php?rest_route=\/wp\/v2\/pages"}],"about":[{"href":"https:\/\/delencresurlespieds.com\/index.php?rest_route=\/wp\/v2\/types\/page"}],"author":[{"embeddable":true,"href":"https:\/\/delencresurlespieds.com\/index.php?rest_route=\/wp\/v2\/users\/2"}],"replies":[{"embeddable":true,"href":"https:\/\/delencresurlespieds.com\/index.php?rest_route=%2Fwp%2Fv2%2Fcomments&post=172"}],"version-history":[{"count":41,"href":"https:\/\/delencresurlespieds.com\/index.php?rest_route=\/wp\/v2\/pages\/172\/revisions"}],"predecessor-version":[{"id":930,"href":"https:\/\/delencresurlespieds.com\/index.php?rest_route=\/wp\/v2\/pages\/172\/revisions\/930"}],"wp:attachment":[{"href":"https:\/\/delencresurlespieds.com\/index.php?rest_route=%2Fwp%2Fv2%2Fmedia&parent=172"}],"curies":[{"name":"wp","href":"https:\/\/api.w.org\/{rel}","templated":true}]}}