{"id":382,"date":"2016-03-08T10:29:56","date_gmt":"2016-03-08T09:29:56","guid":{"rendered":"http:\/\/demowp.cththemes.net\/monolit\/?page_id=382"},"modified":"2026-02-27T09:25:38","modified_gmt":"2026-02-27T08:25:38","slug":"home-youtube-video","status":"publish","type":"page","link":"https:\/\/delencresurlespieds.com\/","title":{"rendered":"De l&#8217;encre sur les pieds"},"content":{"rendered":"\t\t<div data-elementor-type=\"wp-page\" data-elementor-id=\"382\" class=\"elementor elementor-382\">\n\t\t\t\t\t\t\t\t\t<section class=\"elementor-section elementor-top-section elementor-element elementor-element-1fc1a23f elementor-section-boxed elementor-section-height-default elementor-section-height-default wpr-particle-no wpr-jarallax-no wpr-parallax-no wpr-sticky-section-no\" data-id=\"1fc1a23f\" data-element_type=\"section\">\n\t\t\t\t\t\t<div class=\"elementor-container elementor-column-gap-default\">\n\t\t\t\t\t<div class=\"elementor-column elementor-col-100 elementor-top-column elementor-element elementor-element-148c07c1\" data-id=\"148c07c1\" data-element_type=\"column\">\n\t\t\t<div class=\"elementor-widget-wrap elementor-element-populated\">\n\t\t\t\t\t\t\t\t<div class=\"elementor-element elementor-element-94ecb42 elementor-widget elementor-widget-spacer\" data-id=\"94ecb42\" data-element_type=\"widget\" data-widget_type=\"spacer.default\">\n\t\t\t\t<div class=\"elementor-widget-container\">\n\t\t\t<style>\/*! elementor - v3.16.0 - 17-10-2023 *\/\n.elementor-column .elementor-spacer-inner{height:var(--spacer-size)}.e-con{--container-widget-width:100%}.e-con-inner>.elementor-widget-spacer,.e-con>.elementor-widget-spacer{width:var(--container-widget-width,var(--spacer-size));--align-self:var(--container-widget-align-self,initial);--flex-shrink:0}.e-con-inner>.elementor-widget-spacer>.elementor-widget-container,.e-con>.elementor-widget-spacer>.elementor-widget-container{height:100%;width:100%}.e-con-inner>.elementor-widget-spacer>.elementor-widget-container>.elementor-spacer,.e-con>.elementor-widget-spacer>.elementor-widget-container>.elementor-spacer{height:100%}.e-con-inner>.elementor-widget-spacer>.elementor-widget-container>.elementor-spacer>.elementor-spacer-inner,.e-con>.elementor-widget-spacer>.elementor-widget-container>.elementor-spacer>.elementor-spacer-inner{height:var(--container-widget-height,var(--spacer-size))}.e-con-inner>.elementor-widget-spacer.elementor-widget-empty,.e-con>.elementor-widget-spacer.elementor-widget-empty{position:relative;min-height:22px;min-width:22px}.e-con-inner>.elementor-widget-spacer.elementor-widget-empty .elementor-widget-empty-icon,.e-con>.elementor-widget-spacer.elementor-widget-empty .elementor-widget-empty-icon{position:absolute;top:0;bottom:0;left:0;right:0;margin:auto;padding:0;width:22px;height:22px}<\/style>\t\t<div class=\"elementor-spacer\">\n\t\t\t<div class=\"elementor-spacer-inner\"><\/div>\n\t\t<\/div>\n\t\t\t\t<\/div>\n\t\t\t\t<\/div>\n\t\t\t\t<div class=\"elementor-element elementor-element-78e342a elementor-widget elementor-widget-text-editor\" data-id=\"78e342a\" data-element_type=\"widget\" data-widget_type=\"text-editor.default\">\n\t\t\t\t<div class=\"elementor-widget-container\">\n\t\t\t<style>\/*! elementor - v3.16.0 - 17-10-2023 *\/\n.elementor-widget-text-editor.elementor-drop-cap-view-stacked .elementor-drop-cap{background-color:#69727d;color:#fff}.elementor-widget-text-editor.elementor-drop-cap-view-framed .elementor-drop-cap{color:#69727d;border:3px solid;background-color:transparent}.elementor-widget-text-editor:not(.elementor-drop-cap-view-default) .elementor-drop-cap{margin-top:8px}.elementor-widget-text-editor:not(.elementor-drop-cap-view-default) .elementor-drop-cap-letter{width:1em;height:1em}.elementor-widget-text-editor .elementor-drop-cap{float:left;text-align:center;line-height:1;font-size:50px}.elementor-widget-text-editor .elementor-drop-cap-letter{display:inline-block}<\/style>\t\t\t\t[vc_row content_placement=&#8221;middle&#8221;][vc_column][vc_column_text]&#8221;La le\u00e7on \u00e9mancipatrice de l\u2019artiste, oppos\u00e9e terme \u00e0 terme \u00e0 la le\u00e7on abrutissante du professeur, est celle-ci : chacun de nous est artiste dans la mesure o\u00f9 il effectue une double d\u00e9marche ; il ne se contente pas d\u2019\u00eatre homme de m\u00e9tier mais veut faire de tout travail un moyen d\u2019expression ; il ne se contente pas de ressentir mais cherche \u00e0 faire partager. L\u2019artiste a besoin de l\u2019\u00e9galit\u00e9 comme l\u2019explicateur a besoin de l\u2019in\u00e9galit\u00e9. Et il dessine ainsi le mod\u00e8le d\u2019une soci\u00e9t\u00e9 raisonnable o\u00f9 cela m\u00eame qui est ext\u00e9rieur \u00e0 la raison \u2013 la mati\u00e8re, les signes du langage \u2013 est travers\u00e9 par la volont\u00e9 raisonnable : celle de raconter et de faire \u00e9prouver aux autres ce en quoi on est semblable \u00e0 eux.&#8221;\n\nJacques Ranci\u00e8re, <em>Le ma\u00eetre ignorant<\/em>[\/vc_column_text][\/vc_column][\/vc_row][vc_row][vc_column width=&#8221;1\/2&#8243;][vc_column_text]\n<h2 style=\"text-align: center;\">L&#8217;association<\/h2>\n[\/vc_column_text][vc_single_image image=&#8221;581&#8243; img_size=&#8221;medium&#8221; alignment=&#8221;center&#8221; onclick=&#8221;custom_link&#8221; img_link_target=&#8221;_blank&#8221; link=&#8221;http:\/\/delencresurlespieds.com\/?page_id=862&#8243;][\/vc_column][vc_column width=&#8221;1\/2&#8243;][vc_column_text]\n<h2 style=\"text-align: center;\">La compagnie<\/h2>\n[\/vc_column_text][vc_single_image image=&#8221;549&#8243; img_size=&#8221;medium&#8221; alignment=&#8221;center&#8221; onclick=&#8221;custom_link&#8221; img_link_target=&#8221;_blank&#8221; link=&#8221;http:\/\/delencresurlespieds.com\/?page_id=858&#8243;][\/vc_column][\/vc_row]\t\t\t\t\t\t<\/div>\n\t\t\t\t<\/div>\n\t\t\t\t\t<\/div>\n\t\t<\/div>\n\t\t\t\t\t\t\t<\/div>\n\t\t<\/section>\n\t\t\t\t<section class=\"elementor-section elementor-top-section elementor-element elementor-element-9be10bd elementor-section-boxed elementor-section-height-default elementor-section-height-default wpr-particle-no wpr-jarallax-no wpr-parallax-no wpr-sticky-section-no\" data-id=\"9be10bd\" data-element_type=\"section\">\n\t\t\t\t\t\t<div class=\"elementor-container elementor-column-gap-default\">\n\t\t\t\t\t<div class=\"elementor-column elementor-col-100 elementor-top-column elementor-element elementor-element-c0c7a54\" data-id=\"c0c7a54\" data-element_type=\"column\">\n\t\t\t<div class=\"elementor-widget-wrap\">\n\t\t\t\t\t\t\t\t\t<\/div>\n\t\t<\/div>\n\t\t\t\t\t\t\t<\/div>\n\t\t<\/section>\n\t\t\t\t\t\t\t<\/div>\n\t\t","protected":false},"excerpt":{"rendered":"<p>[vc_row content_placement=&#8221;middle&#8221;][vc_column][vc_column_text]&#8221;La le\u00e7on \u00e9mancipatrice de l\u2019artiste, oppos\u00e9e terme \u00e0 terme \u00e0 la le\u00e7on abrutissante du professeur, est celle-ci : chacun de nous est artiste dans la mesure o\u00f9 il effectue une double d\u00e9marche ; il ne se contente pas d\u2019\u00eatre homme de m\u00e9tier mais veut faire de tout travail un moyen d\u2019expression ; il ne se contente pas de ressentir mais cherche \u00e0 faire partager. L\u2019artiste a besoin de l\u2019\u00e9galit\u00e9 comme l\u2019explicateur a besoin de l\u2019in\u00e9galit\u00e9. Et il dessine ainsi le mod\u00e8le d\u2019une soci\u00e9t\u00e9 raisonnable o\u00f9 cela m\u00eame qui est ext\u00e9rieur \u00e0 la raison \u2013 la mati\u00e8re, les signes du langage \u2013 est travers\u00e9 par la volont\u00e9 raisonnable : celle de raconter et de faire \u00e9prouver aux autres ce en quoi on est semblable \u00e0 eux.&#8221; Jacques Ranci\u00e8re, Le ma\u00eetre ignorant[\/vc_column_text][\/vc_column][\/vc_row][vc_row][vc_column width=&#8221;1\/2&#8243;][vc_column_text] L&#8217;association [\/vc_column_text][vc_single_image image=&#8221;581&#8243; img_size=&#8221;medium&#8221; alignment=&#8221;center&#8221; onclick=&#8221;custom_link&#8221; img_link_target=&#8221;_blank&#8221; link=&#8221;http:\/\/delencresurlespieds.com\/?page_id=862&#8243;][\/vc_column][vc_column width=&#8221;1\/2&#8243;][vc_column_text] La compagnie [\/vc_column_text][vc_single_image image=&#8221;549&#8243; img_size=&#8221;medium&#8221; alignment=&#8221;center&#8221; onclick=&#8221;custom_link&#8221; img_link_target=&#8221;_blank&#8221; link=&#8221;http:\/\/delencresurlespieds.com\/?page_id=858&#8243;][\/vc_column][\/vc_row]<\/p>\n","protected":false},"author":2,"featured_media":0,"parent":0,"menu_order":0,"comment_status":"closed","ping_status":"closed","template":"","meta":{"footnotes":""},"_links":{"self":[{"href":"https:\/\/delencresurlespieds.com\/index.php?rest_route=\/wp\/v2\/pages\/382"}],"collection":[{"href":"https:\/\/delencresurlespieds.com\/index.php?rest_route=\/wp\/v2\/pages"}],"about":[{"href":"https:\/\/delencresurlespieds.com\/index.php?rest_route=\/wp\/v2\/types\/page"}],"author":[{"embeddable":true,"href":"https:\/\/delencresurlespieds.com\/index.php?rest_route=\/wp\/v2\/users\/2"}],"replies":[{"embeddable":true,"href":"https:\/\/delencresurlespieds.com\/index.php?rest_route=%2Fwp%2Fv2%2Fcomments&post=382"}],"version-history":[{"count":58,"href":"https:\/\/delencresurlespieds.com\/index.php?rest_route=\/wp\/v2\/pages\/382\/revisions"}],"predecessor-version":[{"id":997,"href":"https:\/\/delencresurlespieds.com\/index.php?rest_route=\/wp\/v2\/pages\/382\/revisions\/997"}],"wp:attachment":[{"href":"https:\/\/delencresurlespieds.com\/index.php?rest_route=%2Fwp%2Fv2%2Fmedia&parent=382"}],"curies":[{"name":"wp","href":"https:\/\/api.w.org\/{rel}","templated":true}]}}