{"id":640,"date":"2019-09-24T14:45:58","date_gmt":"2019-09-24T12:45:58","guid":{"rendered":"http:\/\/delencresurlespieds.com\/?page_id=640"},"modified":"2023-10-24T22:54:41","modified_gmt":"2023-10-24T20:54:41","slug":"creation","status":"publish","type":"page","link":"https:\/\/delencresurlespieds.com\/?page_id=640","title":{"rendered":"Cr\u00e9ations amateures"},"content":{"rendered":"\n<p><\/p>\n\n\n\n<h2 class=\"wp-block-heading\">Parformance &#8220;Laisser derri\u00e8re&#8221;<\/h2>\n\n\n\n<iframe loading=\"lazy\" width=\"560\" height=\"315\" src=\"https:\/\/www.youtube.com\/embed\/3rA0JyK9Fgc\" title=\"YouTube video player\" frameborder=\"0\" allow=\"accelerometer; autoplay; clipboard-write; encrypted-media; gyroscope; picture-in-picture\" allowfullscreen><\/iframe>\n\n\n\n<p>2021, dur\u00e9e : 8 minutes<br><br>Parformance improvis\u00e9e en regard des \u0153uvres de Sophie Bravo de la Pe\u00f1a, lors de l&#8217;exposition &#8220;Franchir l&#8217;espace&#8221; au 60Adada \u00e0 Saint-Denis (93), le dimanche 7 novembre 2021.<br><br><strong>Laisser derri\u00e8re<\/strong><br><br>Laiss\u00e9 derri\u00e8re le pont de singe<br>Laiss\u00e9e derri\u00e8re la corde \u00e0 linge<br>Laiss\u00e9s derri\u00e8re les souvenirs<br>Laisser venir les sourici\u00e8res<br>Laisser sourire les v\u00e9nitiennes<br>Laisser mourir la tenanci\u00e8re<br>Laisser vivre sur l\u2019autre rive<br>Les vestiges d\u2019une autre vie<br><br>L\u2019\u0153uvre rit de sa d\u00e9rive<br>L\u2019\u0153uvre vit de son d\u00e9lire<br><br>Les affair\u00e9s d\u00e9s\u0153uvr\u00e9s<br>Des enfers se d\u00e9semparent<br>Des remparts se d\u00e9senferrent<br>Desserrent l\u2019\u00e9treinte de leurs parts<br>D\u00e9laissent l\u2019empreinte de leurs vers<br><br>L\u2019\u0153uvre se met \u00e0 l\u2019ouvrage<br>De son propre d\u00e9visage<br><br>Laissez les fers<br>Laissez les faire<br><br><em>Laure Fouard<\/em><br><br><br>Danse et texte : Laure FOUARD<br>Musique : Dante FEIJOO<br>Oeuvres expos\u00e9es : Sophie BRAVO DE LA PE\u00d1A<\/p>\n\n\n\n<div style=\"height:100px\" aria-hidden=\"true\" class=\"wp-block-spacer\"><\/div>\n\n\n\n<hr class=\"wp-block-separator has-css-opacity\"\/>\n\n\n\n<h2 class=\"wp-block-heading\">Danse avec les fous 2<\/h2>\n\n\n\n<iframe loading=\"lazy\" width=\"560\" height=\"315\" src=\"https:\/\/www.youtube.com\/embed\/8f9_7OgZhak\" title=\"YouTube video player\" frameborder=\"0\" allow=\"accelerometer; autoplay; clipboard-write; encrypted-media; gyroscope; picture-in-picture\" allowfullscreen><\/iframe>\n\n\n\n<p>2021, 20 minutes environ<br><br>&#8220;Danse avec les fous&#8221; avaient \u00e9t\u00e9 pr\u00e9sent\u00e9e en 2017 place de la R\u00e9publique \u00e0 Paris lors des 60 ans du mouvement ATD Quart Monde (voir ci-dessous).<br>En juillet 2021, ATD Quart Monde nous invite \u00e0 sa Rencontre des Engagements, qui rassemblaient un grand nombre de membres du mouvement pendant une semaine, pour pr\u00e9senter &#8220;Danse avec les fous 2&#8221;.<br>Pour construire cette nouvelle cr\u00e9ation, nous nous sommes parl\u00e9s de notre engagement&nbsp;: qu\u2019est-ce qui l\u2019a fait na\u00eetre&nbsp;? Comment il a \u00e9volu\u00e9&nbsp;? Qu\u2019est-ce qui le soutient&nbsp;? Qu\u2019est-ce qui le rend difficile&nbsp;?<br><br>Danseuses et danseurs&nbsp;: Claude Niedergang, Floriane Caravatta, Laure Fouard, L\u00e9na Sichez, Lu\u00e2n Nghi\u00eam, Martine Vinet, Zo\u00e9 Rousset.<\/p>\n\n\n\n<div style=\"height:100px\" aria-hidden=\"true\" class=\"wp-block-spacer\"><\/div>\n\n\n\n<hr class=\"wp-block-separator has-css-opacity\"\/>\n\n\n\n<h2 class=\"wp-block-heading\">\u00c9tourneries<\/h2>\n\n\n\n<iframe loading=\"lazy\" width=\"560\" height=\"315\" src=\"https:\/\/www.youtube.com\/embed\/CEKXpZryC_c\" title=\"YouTube video player\" frameborder=\"0\" allow=\"accelerometer; autoplay; clipboard-write; encrypted-media; gyroscope; picture-in-picture\" allowfullscreen><\/iframe>\n\n\n\n<p>2021, dur\u00e9e : 20 minutes<br><br>Cr\u00e9puscule.<br>Les \u00e9tourneaux murmurent dans les courants d&#8217;air.<br>Au sol, nous effleurons nos r\u00eaves d&#8217;envol, effeuillons nos v\u00e9h\u00e9mences, pour d\u00e9coller.<br>D\u00e9coller nos sens de ce qu&#8217;ils portent.<br>Un voyage en absurdie pour se laisser pousser des ailes.<br><br>Cr\u00e9ation pr\u00e9sent\u00e9e le 30 juin 2021 au Carreau du Temple, Paris.<br><br>Danseuses et danseur : Ana\u00efs Schmitt, Clara Piart, Laure Fouard, Natacha Martin, Nathana\u00eblle Loisance, Val\u00e9rie Zerguine, Wissam Dief, William Ambert<br>Chor\u00e9graphie : Laure Fouard<br>Montage vid\u00e9o : Filip Forestier<\/p>\n\n\n\n<div style=\"height:100px\" aria-hidden=\"true\" class=\"wp-block-spacer\"><\/div>\n\n\n\n<hr class=\"wp-block-separator has-css-opacity\"\/>\n\n\n\n<h2 class=\"wp-block-heading\">Danse au Petit Moulinet<\/h2>\n\n\n\n<p><iframe loading=\"lazy\" src=\"https:\/\/www.youtube.com\/embed\/UiOB7u-B7gI\" allowfullscreen=\"allowfullscreen\" width=\"560\" height=\"315\" frameborder=\"0\"><\/iframe><\/p>\n\n\n\n<p>2019, dur\u00e9e : 1h environ<br><br>Inspir\u00e9e des \u0153uvres de Dominique Cousseau (sculpteur paysagiste), cette cr\u00e9ation r\u00e9pond \u00e0 une invitation de celui-ci \u00e0 l\u2019occasion des portes ouvertes 2019 de son lieu (Le Petit Moulinet \u00e0 Saint Martin des Noyers en Vend\u00e9e), ayant pour th\u00e8me&nbsp;: \u00ab&nbsp;La vie est mouvement&nbsp;\u00bb. En r\u00e9sonance avec l\u2019univers artistique de Dominique Cousseau, le duo emm\u00e8ne le public dans une d\u00e9ambulation improvis\u00e9e pour d\u00e9couvrir les yeux autrement, en percevoir la temporalit\u00e9 particuli\u00e8re, en discerner les interstices&#8230; <br>Apr\u00e8s une semaine de r\u00e9sidence sur les lieux, cette pi\u00e8ce a \u00e9t\u00e9 pr\u00e9sent\u00e9e \u00e0 trois reprises les 7, 8 et 9 juin.<br><br>Interpr\u00e8tes&nbsp;: Violaine Roy, Laure Fouard<br>Vid\u00e9o et montage : Beno\u00eet Vanoni<\/p>\n\n\n\n<div style=\"height:100px\" aria-hidden=\"true\" class=\"wp-block-spacer\"><\/div>\n\n\n\n<hr class=\"wp-block-separator has-css-opacity\"\/>\n\n\n\n<h2 class=\"wp-block-heading\">Archipel<\/h2>\n\n\n\n<p><iframe loading=\"lazy\" src=\"https:\/\/www.youtube.com\/embed\/v6t3KrOObSU\" allowfullscreen=\"allowfullscreen\" width=\"560\" height=\"315\" frameborder=\"0\"><\/iframe><\/p>\n\n\n\n<p>2018, dur\u00e9e&nbsp;: 15 min<br><br>\u00ab&nbsp;Suspendus entre un ciel rayonnant et des nuages bleu\u00e2tres qui repr\u00e9sentaient si parfaitement un oc\u00e9an sans ports et sans rivages, on prend pour des \u00e9cueils les pointes des montagnes isol\u00e9es. On appelle archipels, les groupes de sommets que l&#8217;on aper\u00e7oit de l&#8217;Orient \u00e0 l&#8217;Occident ; et cette apparence nous retra\u00e7ait un ordre de choses qui dut exister lorsque, \u00e0 l&#8217;exception des pics les plus \u00e9lev\u00e9s, la mer couvrait au loin cette immense contr\u00e9e, et m\u00eame notre h\u00e9misph\u00e8re.&nbsp;\u00bb, Dusaulx, <em>Voyage \u00e0 Bar\u00e8ge<\/em>, t. 1, 1796, p. 235.<br><br>Premi\u00e8re cr\u00e9ation de l\u2019atelier chor\u00e9graphique adulte de l\u2019association De l\u2019encre sur les pieds, cette pi\u00e8ce est le r\u00e9sultat d\u2019un processus de cr\u00e9ation collective alliant des parties chor\u00e9graphi\u00e9es et partitions d\u2019improvisation. Ce quatuor pose la question de la libert\u00e9 dans le collectif&nbsp;: comment ce que nous partageons peut-\u00eatre \u00e0 la fois ali\u00e9nant et lib\u00e9rateur&nbsp;? A l\u2019imagine d\u2019un archipel, r\u00e9seaux d\u2019\u00eeles aux origines g\u00e9ologiques communes, et aux destins multiples.<br><br>Interpr\u00e8tes&nbsp;: Ana\u00efs Schmitt, Clara Piart, Laetitia Oberty, William Ambert<br>Chor\u00e9graphie&nbsp;: Laure Fouard<\/p>\n\n\n\n<div style=\"height:100px\" aria-hidden=\"true\" class=\"wp-block-spacer\"><\/div>\n\n\n\n<hr class=\"wp-block-separator has-css-opacity\"\/>\n\n\n\n<h2 class=\"wp-block-heading\">Danse avec les fous<\/h2>\n\n\n\n<p><iframe loading=\"lazy\" src=\"https:\/\/www.youtube.com\/embed\/VAdih8Vgz1s\" allowfullscreen=\"allowfullscreen\" width=\"560\" height=\"315\" frameborder=\"0\"><\/iframe><\/p>\n\n\n\n<p>2017, dur\u00e9e&nbsp;: 15 min<br><br>C\u2019est l\u2019histoire dans\u00e9e de trois trajectoires que rien ne pr\u00e9destinait \u00e0 se rencontrer. Les ricochets de la vie feront le n\u00e9cessaire, et la collision entre Claude, Lakshmi et Laure refuse de suivre les lois de la physique : comme trois aimants aux p\u00f4les compl\u00e9mentaires, ils tresseront ensemble leurs pas pendant huit ans, y ajoutant en chemin les pas de ceux qu\u2019ils rencontrent&#8230; <br><br>C\u2019est \u00e0 l\u2019occasion des 60 ans du Mouvement ATD Quart Monde que ce trio a vu le jour. Claude Niedergang, Lakshmi Lanoire et Laure Fouard ont \u00e9t\u00e9 invit\u00e9s \u00e0 \u00e9crire le r\u00e9cit de leur rencontre et de leur parcours de huit ann\u00e9es ensemble dans le cadre du projet 1001 Histoires, rassemblant des r\u00e9cits d\u2019\u00e9mancipation collective pour combattre la fatalit\u00e9 de la mis\u00e8re. En r\u00e9sidence \u00e0 ATD Quart Monde Paris pendant pr\u00e8s d\u2019un an, le processus de cr\u00e9ation a consist\u00e9 en une alternance entre phases d\u2019\u00e9criture et de danse, relevant le d\u00e9fi de cr\u00e9er ensemble \u00e0 partir de trois univers tr\u00e8s \u00e9loign\u00e9s. C\u2019est finalement par le mouvement que le trio a pu donner \u00e0 voir et \u00e0 comprendre l\u2019articulation de cette relation transformatrice.<br><br>Interpr\u00e8tes principaux&nbsp;: Claude Niedergang, Lakshmi Lanoire, Laure Fouard (et leurs complices!)<br>Chor\u00e9graphe&nbsp;: Laure Fouard<\/p>\n","protected":false},"excerpt":{"rendered":"<p>Parformance &#8220;Laisser derri\u00e8re&#8221; 2021, dur\u00e9e : 8 minutes Parformance improvis\u00e9e en regard des \u0153uvres de Sophie Bravo de la Pe\u00f1a, lors de l&#8217;exposition &#8220;Franchir l&#8217;espace&#8221; au 60Adada \u00e0 Saint-Denis (93), le dimanche 7 novembre 2021. Laisser derri\u00e8re Laiss\u00e9 derri\u00e8re le pont de singeLaiss\u00e9e derri\u00e8re la corde \u00e0 lingeLaiss\u00e9s derri\u00e8re les souvenirsLaisser venir les sourici\u00e8resLaisser sourire les v\u00e9nitiennesLaisser mourir la tenanci\u00e8reLaisser vivre sur l\u2019autre riveLes vestiges d\u2019une autre vie L\u2019\u0153uvre rit de sa d\u00e9riveL\u2019\u0153uvre vit de son d\u00e9lire Les affair\u00e9s d\u00e9s\u0153uvr\u00e9sDes enfers se d\u00e9semparentDes remparts se d\u00e9senferrentDesserrent l\u2019\u00e9treinte de leurs partsD\u00e9laissent l\u2019empreinte de leurs vers L\u2019\u0153uvre se met \u00e0 l\u2019ouvrageDe son propre d\u00e9visage Laissez les fersLaissez les faire Laure Fouard Danse et texte : Laure FOUARDMusique : Dante FEIJOOOeuvres expos\u00e9es : Sophie BRAVO DE LA PE\u00d1A Danse avec les fous 2 2021, 20 minutes environ &#8220;Danse avec les fous&#8221; avaient \u00e9t\u00e9 pr\u00e9sent\u00e9e en 2017 place de la R\u00e9publique \u00e0 Paris lors des 60 ans du mouvement ATD Quart Monde (voir ci-dessous).En juillet 2021, ATD Quart Monde nous invite \u00e0 sa Rencontre des Engagements, qui rassemblaient un grand nombre de membres du mouvement pendant une semaine, pour pr\u00e9senter &#8220;Danse avec les fous 2&#8221;.Pour construire cette nouvelle cr\u00e9ation, nous nous sommes parl\u00e9s de notre engagement&nbsp;: qu\u2019est-ce qui l\u2019a fait na\u00eetre&nbsp;? Comment il a \u00e9volu\u00e9&nbsp;? Qu\u2019est-ce qui le soutient&nbsp;? Qu\u2019est-ce qui le rend difficile&nbsp;? Danseuses et danseurs&nbsp;: Claude Niedergang, Floriane Caravatta, Laure Fouard, L\u00e9na Sichez, Lu\u00e2n Nghi\u00eam, Martine Vinet, Zo\u00e9 Rousset. \u00c9tourneries 2021, dur\u00e9e : 20 minutes Cr\u00e9puscule.Les \u00e9tourneaux murmurent dans les courants d&#8217;air.Au sol, nous effleurons nos r\u00eaves d&#8217;envol, effeuillons nos v\u00e9h\u00e9mences, pour d\u00e9coller.D\u00e9coller nos sens de ce qu&#8217;ils portent.Un voyage en absurdie pour se laisser pousser des ailes. Cr\u00e9ation pr\u00e9sent\u00e9e le 30 juin 2021 au Carreau du Temple, Paris. Danseuses et danseur : Ana\u00efs Schmitt, Clara Piart, Laure Fouard, Natacha Martin, Nathana\u00eblle Loisance, Val\u00e9rie Zerguine, Wissam Dief, William AmbertChor\u00e9graphie : Laure FouardMontage vid\u00e9o : Filip Forestier Danse au Petit Moulinet 2019, dur\u00e9e : 1h environ Inspir\u00e9e des \u0153uvres de Dominique Cousseau (sculpteur paysagiste), cette cr\u00e9ation r\u00e9pond \u00e0 une invitation de celui-ci \u00e0 l\u2019occasion des portes ouvertes 2019 de son lieu (Le Petit Moulinet \u00e0 Saint Martin des Noyers en Vend\u00e9e), ayant pour th\u00e8me&nbsp;: \u00ab&nbsp;La vie est mouvement&nbsp;\u00bb. En r\u00e9sonance avec l\u2019univers artistique de Dominique Cousseau, le duo emm\u00e8ne le public dans une d\u00e9ambulation improvis\u00e9e pour d\u00e9couvrir les yeux autrement, en percevoir la temporalit\u00e9 particuli\u00e8re, en discerner les interstices&#8230; Apr\u00e8s une semaine de r\u00e9sidence sur les lieux, cette pi\u00e8ce a \u00e9t\u00e9 pr\u00e9sent\u00e9e \u00e0 trois reprises les 7, 8 et 9 juin. Interpr\u00e8tes&nbsp;: Violaine Roy, Laure FouardVid\u00e9o et montage : Beno\u00eet Vanoni Archipel 2018, dur\u00e9e&nbsp;: 15 min \u00ab&nbsp;Suspendus entre un ciel rayonnant et des nuages bleu\u00e2tres qui repr\u00e9sentaient si parfaitement un oc\u00e9an sans ports et sans rivages, on prend pour des \u00e9cueils les pointes des montagnes isol\u00e9es. On appelle archipels, les groupes de sommets que l&#8217;on aper\u00e7oit de l&#8217;Orient \u00e0 l&#8217;Occident ; et cette apparence nous retra\u00e7ait un ordre de choses qui dut exister lorsque, \u00e0 l&#8217;exception des pics les plus \u00e9lev\u00e9s, la mer couvrait au loin cette immense contr\u00e9e, et m\u00eame notre h\u00e9misph\u00e8re.&nbsp;\u00bb, Dusaulx, Voyage \u00e0 Bar\u00e8ge, t. 1, 1796, p. 235. Premi\u00e8re cr\u00e9ation de l\u2019atelier chor\u00e9graphique adulte de l\u2019association De l\u2019encre sur les pieds, cette pi\u00e8ce est le r\u00e9sultat d\u2019un processus de cr\u00e9ation collective alliant des parties chor\u00e9graphi\u00e9es et partitions d\u2019improvisation. Ce quatuor pose la question de la libert\u00e9 dans le collectif&nbsp;: comment ce que nous partageons peut-\u00eatre \u00e0 la fois ali\u00e9nant et lib\u00e9rateur&nbsp;? A l\u2019imagine d\u2019un archipel, r\u00e9seaux d\u2019\u00eeles aux origines g\u00e9ologiques communes, et aux destins multiples. Interpr\u00e8tes&nbsp;: Ana\u00efs Schmitt, Clara Piart, Laetitia Oberty, William AmbertChor\u00e9graphie&nbsp;: Laure Fouard Danse avec les fous 2017, dur\u00e9e&nbsp;: 15 min C\u2019est l\u2019histoire dans\u00e9e de trois trajectoires que rien ne pr\u00e9destinait \u00e0 se rencontrer. Les ricochets de la vie feront le n\u00e9cessaire, et la collision entre Claude, Lakshmi et Laure refuse de suivre les lois de la physique : comme trois aimants aux p\u00f4les compl\u00e9mentaires, ils tresseront ensemble leurs pas pendant huit ans, y ajoutant en chemin les pas de ceux qu\u2019ils rencontrent&#8230; C\u2019est \u00e0 l\u2019occasion des 60 ans du Mouvement ATD Quart Monde que ce trio a vu le jour. Claude Niedergang, Lakshmi Lanoire et Laure Fouard ont \u00e9t\u00e9 invit\u00e9s \u00e0 \u00e9crire le r\u00e9cit de leur rencontre et de leur parcours de huit ann\u00e9es ensemble dans le cadre du projet 1001 Histoires, rassemblant des r\u00e9cits d\u2019\u00e9mancipation collective pour combattre la fatalit\u00e9 de la mis\u00e8re. En r\u00e9sidence \u00e0 ATD Quart Monde Paris pendant pr\u00e8s d\u2019un an, le processus de cr\u00e9ation a consist\u00e9 en une alternance entre phases d\u2019\u00e9criture et de danse, relevant le d\u00e9fi de cr\u00e9er ensemble \u00e0 partir de trois univers tr\u00e8s \u00e9loign\u00e9s. C\u2019est finalement par le mouvement que le trio a pu donner \u00e0 voir et \u00e0 comprendre l\u2019articulation de cette relation transformatrice. Interpr\u00e8tes principaux&nbsp;: Claude Niedergang, Lakshmi Lanoire, Laure Fouard (et leurs complices!)Chor\u00e9graphe&nbsp;: Laure Fouard<\/p>\n","protected":false},"author":2,"featured_media":0,"parent":0,"menu_order":0,"comment_status":"closed","ping_status":"closed","template":"","meta":{"footnotes":""},"_links":{"self":[{"href":"https:\/\/delencresurlespieds.com\/index.php?rest_route=\/wp\/v2\/pages\/640"}],"collection":[{"href":"https:\/\/delencresurlespieds.com\/index.php?rest_route=\/wp\/v2\/pages"}],"about":[{"href":"https:\/\/delencresurlespieds.com\/index.php?rest_route=\/wp\/v2\/types\/page"}],"author":[{"embeddable":true,"href":"https:\/\/delencresurlespieds.com\/index.php?rest_route=\/wp\/v2\/users\/2"}],"replies":[{"embeddable":true,"href":"https:\/\/delencresurlespieds.com\/index.php?rest_route=%2Fwp%2Fv2%2Fcomments&post=640"}],"version-history":[{"count":17,"href":"https:\/\/delencresurlespieds.com\/index.php?rest_route=\/wp\/v2\/pages\/640\/revisions"}],"predecessor-version":[{"id":851,"href":"https:\/\/delencresurlespieds.com\/index.php?rest_route=\/wp\/v2\/pages\/640\/revisions\/851"}],"wp:attachment":[{"href":"https:\/\/delencresurlespieds.com\/index.php?rest_route=%2Fwp%2Fv2%2Fmedia&parent=640"}],"curies":[{"name":"wp","href":"https:\/\/api.w.org\/{rel}","templated":true}]}}