{"id":75,"date":"2016-02-19T16:17:17","date_gmt":"2016-02-19T15:17:17","guid":{"rendered":"http:\/\/demowp.cththemes.net\/monolit\/?page_id=75"},"modified":"2023-10-24T22:36:46","modified_gmt":"2023-10-24T20:36:46","slug":"about","status":"publish","type":"page","link":"https:\/\/delencresurlespieds.com\/?page_id=75","title":{"rendered":"Qui sommes-nous ?"},"content":{"rendered":"<p>[vc_row][vc_column][vc_column_text]<\/p>\n<div class=\"process-box\">\n<p align=\"justify\"><i>\u00ab La le\u00e7on \u00e9mancipatrice de l\u2019artiste, oppos\u00e9e terme \u00e0 terme \u00e0 la le\u00e7on abrutissante du professeur, est celle-ci : chacun de nous est artiste dans la mesure o\u00f9 il effectue une double d\u00e9marche ; il ne se contente pas d\u2019\u00eatre homme de m\u00e9tier mais veut faire de tout travail un moyen d\u2019expression ; il ne se contente pas de ressentir mais cherche \u00e0 faire partager. L\u2019artiste a besoin de l\u2019\u00e9galit\u00e9 comme l\u2019explicateur a besoin de l\u2019in\u00e9galit\u00e9.<\/i><i>\u00a0\u00bb<\/i><\/p>\n<p align=\"justify\">Jacques Ranci\u00e8re<i> \u2013 Le ma\u00eetre ignorant<\/i><\/p>\n<p align=\"justify\">Cette citation figurant en pr\u00e9ambule de nos statuts r\u00e9sume notre positionnement : rendre la cr\u00e9ation artistique accessible \u00e0 tous n\u00e9cessite un cadre relationnel garantissant le respect de chacun.e dans son unicit\u00e9 et la rencontre dans l&#8217;\u00e9galit\u00e9, et un cadre p\u00e9dagogique construit de mani\u00e8re partag\u00e9 et conscient.<\/p>\n<\/div>\n<p>[\/vc_column_text][vc_empty_space][\/vc_column][\/vc_row][vc_row][vc_column width=&#8221;2\/3&#8243;][vc_column_text]<\/p>\n<div class=\"process-box\">\n<h3>Les p\u00e9dagogues<\/h3>\n<p>&nbsp;<\/p>\n<p><strong>Laure Fouard<\/strong><\/p>\n<p>Danseuse, chor\u00e9graphe et p\u00e9dagogue, mes mouvements s&#8217;inspirent d&#8217;univers tr\u00e8s diff\u00e9rents allant de la danse classique au hip-hop en passant par le tango argentin et la danse orientale.<\/p>\n<\/div>\n<p>La d\u00e9couverte des techniques d&#8217;improvisation m&#8217;a permis de construire une gestuelle plus personnelle et forte de ces inspirations, celle des pratiques somatiques m&#8217;a offert une nouvelle mani\u00e8re de penser\/danser les corps.<\/p>\n<p>Titulaire d&#8217;un D.U. &#8220;Danse et \u00e9ducation somatique&#8221;, je continue de me former aupr\u00e8s de chor\u00e9graphes et praticien.ne.s somatiques pour nourrir ma d\u00e9marche.<\/p>\n<p>C&#8217;est aussi et surtout dans les rencontres et l&#8217;exp\u00e9rimentation que se construit et se confirme, s&#8217;\u00e9labore et se pr\u00e9cise ma direction artistique. C&#8217;est pour\u00a0 donner un cadre \u00e0 cette recherche que fut cr\u00e9\u00e9e l&#8217;association en 2017.<\/p>\n<p>&nbsp;<\/p>\n<p><strong>Mabeuko Oberty<\/strong><\/p>\n<p>Aujourd&#8217;hui interpr\u00e8te et p\u00e9dagogue dans l&#8217;association <em>De l&#8217;encre sur les pieds<\/em>, mon parcours se compose de nombreuses branches et ramifications \u00e0 l&#8217;image de mes envies et de ma curiosit\u00e9.<\/p>\n<p>Mon rapport \u00e0 la danse s&#8217;inscrit dans une double d\u00e9marche de recherche que je souhaite partager dans le cadre des ateliers que propose :<\/p>\n<ul>\n<li>le corps, le mouvement et la danse sont pour moi des objets de questionnement, d&#8217;exploration et d&#8217;observation<\/li>\n<li>mes recherches ont pour objectifs le bien-\u00eatre, le plaisir et l&#8217;expression<\/li>\n<\/ul>\n<p>Cette d\u00e9marche se nourrit de diverses influences en danse contemporaine et jazz, mais aussi en danse contact impro, baratha natyam, danses africaines et autres esth\u00e9tiques rencontr\u00e9es en chemin.<\/p>\n<p>Le travail d&#8217;improvisation tient une place importante dans ma pratique.<\/p>\n<p>Le Body Weather et le travail de Sherwood Chen, avec qui je continue de me former, sont une source d&#8217;inspiration essentielle pour ma danse et dans la vie.[\/vc_column_text][vc_empty_space][\/vc_column][vc_column width=&#8221;1\/3&#8243;][vc_empty_space height=&#8221;250px&#8221;][vc_single_image image=&#8221;527&#8243; img_size=&#8221;large&#8221;][\/vc_column][\/vc_row][vc_row][vc_column width=&#8221;1\/3&#8243;][\/vc_column][vc_column width=&#8221;2\/3&#8243;][vc_column_text]<\/p>\n<h3>La direction coll\u00e9giale<\/h3>\n<p>&nbsp;<\/p>\n<p>Nous avons choisi une gouvernance qui soit en coh\u00e9rence avec l&#8217;objet de l&#8217;association : la direction coll\u00e9giale rassemble des personnes issues d&#8217;univers diff\u00e9rents qui ont des r\u00f4les diff\u00e9rents qu&#8217;elles-m\u00eames d\u00e9finissent. La r\u00e9flexion est collective, les d\u00e9cisions partag\u00e9es, l&#8217;ambiance d\u00e9tendue !<\/p>\n<p>&nbsp;<\/p>\n<p><strong>Wissam Dief<\/strong><\/p>\n<p><strong>Nathana\u00eblle Loisance<\/strong><\/p>\n<p><strong>Claude Niedergang<\/strong><\/p>\n<p><strong>Annie Montreuil<\/strong><\/p>\n<p>&nbsp;<\/p>\n<p>[\/vc_column_text][\/vc_column][\/vc_row][vc_row][vc_column][\/vc_column][\/vc_row]<\/p>\n","protected":false},"excerpt":{"rendered":"<p>[vc_row][vc_column][vc_column_text] \u00ab La le\u00e7on \u00e9mancipatrice de l\u2019artiste, oppos\u00e9e terme \u00e0 terme \u00e0 la le\u00e7on abrutissante du professeur, est celle-ci : chacun de nous est artiste dans la mesure o\u00f9 il effectue une double d\u00e9marche ; il ne se contente pas d\u2019\u00eatre homme de m\u00e9tier mais veut faire de tout travail un moyen d\u2019expression ; il ne se contente pas de ressentir mais cherche \u00e0 faire partager. L\u2019artiste a besoin de l\u2019\u00e9galit\u00e9 comme l\u2019explicateur a besoin de l\u2019in\u00e9galit\u00e9.\u00a0\u00bb Jacques Ranci\u00e8re \u2013 Le ma\u00eetre ignorant Cette citation figurant en pr\u00e9ambule de nos statuts r\u00e9sume notre positionnement : rendre la cr\u00e9ation artistique accessible \u00e0 tous n\u00e9cessite un cadre relationnel garantissant le respect de chacun.e dans son unicit\u00e9 et la rencontre dans l&#8217;\u00e9galit\u00e9, et un cadre p\u00e9dagogique construit de mani\u00e8re partag\u00e9 et conscient. [\/vc_column_text][vc_empty_space][\/vc_column][\/vc_row][vc_row][vc_column width=&#8221;2\/3&#8243;][vc_column_text] Les p\u00e9dagogues &nbsp; Laure Fouard Danseuse, chor\u00e9graphe et p\u00e9dagogue, mes mouvements s&#8217;inspirent d&#8217;univers tr\u00e8s diff\u00e9rents allant de la danse classique au hip-hop en passant par le tango argentin et la danse orientale. La d\u00e9couverte des techniques d&#8217;improvisation m&#8217;a permis de construire une gestuelle plus personnelle et forte de ces inspirations, celle des pratiques somatiques m&#8217;a offert une nouvelle mani\u00e8re de penser\/danser les corps. Titulaire d&#8217;un D.U. &#8220;Danse et \u00e9ducation somatique&#8221;, je continue de me former aupr\u00e8s de chor\u00e9graphes et praticien.ne.s somatiques pour nourrir ma d\u00e9marche. C&#8217;est aussi et surtout dans les rencontres et l&#8217;exp\u00e9rimentation que se construit et se confirme, s&#8217;\u00e9labore et se pr\u00e9cise ma direction artistique. C&#8217;est pour\u00a0 donner un cadre \u00e0 cette recherche que fut cr\u00e9\u00e9e l&#8217;association en 2017. &nbsp; Mabeuko Oberty Aujourd&#8217;hui interpr\u00e8te et p\u00e9dagogue dans l&#8217;association De l&#8217;encre sur les pieds, mon parcours se compose de nombreuses branches et ramifications \u00e0 l&#8217;image de mes envies et de ma curiosit\u00e9. Mon rapport \u00e0 la danse s&#8217;inscrit dans une double d\u00e9marche de recherche que je souhaite partager dans le cadre des ateliers que propose : le corps, le mouvement et la danse sont pour moi des objets de questionnement, d&#8217;exploration et d&#8217;observation mes recherches ont pour objectifs le bien-\u00eatre, le plaisir et l&#8217;expression Cette d\u00e9marche se nourrit de diverses influences en danse contemporaine et jazz, mais aussi en danse contact impro, baratha natyam, danses africaines et autres esth\u00e9tiques rencontr\u00e9es en chemin. Le travail d&#8217;improvisation tient une place importante dans ma pratique. Le Body Weather et le travail de Sherwood Chen, avec qui je continue de me former, sont une source d&#8217;inspiration essentielle pour ma danse et dans la vie.[\/vc_column_text][vc_empty_space][\/vc_column][vc_column width=&#8221;1\/3&#8243;][vc_empty_space height=&#8221;250px&#8221;][vc_single_image image=&#8221;527&#8243; img_size=&#8221;large&#8221;][\/vc_column][\/vc_row][vc_row][vc_column width=&#8221;1\/3&#8243;][\/vc_column][vc_column width=&#8221;2\/3&#8243;][vc_column_text] La direction coll\u00e9giale &nbsp; Nous avons choisi une gouvernance qui soit en coh\u00e9rence avec l&#8217;objet de l&#8217;association : la direction coll\u00e9giale rassemble des personnes issues d&#8217;univers diff\u00e9rents qui ont des r\u00f4les diff\u00e9rents qu&#8217;elles-m\u00eames d\u00e9finissent. La r\u00e9flexion est collective, les d\u00e9cisions partag\u00e9es, l&#8217;ambiance d\u00e9tendue ! &nbsp; Wissam Dief Nathana\u00eblle Loisance Claude Niedergang Annie Montreuil &nbsp; [\/vc_column_text][\/vc_column][\/vc_row][vc_row][vc_column][\/vc_column][\/vc_row]<\/p>\n","protected":false},"author":2,"featured_media":0,"parent":0,"menu_order":0,"comment_status":"closed","ping_status":"closed","template":"","meta":{"footnotes":""},"_links":{"self":[{"href":"https:\/\/delencresurlespieds.com\/index.php?rest_route=\/wp\/v2\/pages\/75"}],"collection":[{"href":"https:\/\/delencresurlespieds.com\/index.php?rest_route=\/wp\/v2\/pages"}],"about":[{"href":"https:\/\/delencresurlespieds.com\/index.php?rest_route=\/wp\/v2\/types\/page"}],"author":[{"embeddable":true,"href":"https:\/\/delencresurlespieds.com\/index.php?rest_route=\/wp\/v2\/users\/2"}],"replies":[{"embeddable":true,"href":"https:\/\/delencresurlespieds.com\/index.php?rest_route=%2Fwp%2Fv2%2Fcomments&post=75"}],"version-history":[{"count":34,"href":"https:\/\/delencresurlespieds.com\/index.php?rest_route=\/wp\/v2\/pages\/75\/revisions"}],"predecessor-version":[{"id":837,"href":"https:\/\/delencresurlespieds.com\/index.php?rest_route=\/wp\/v2\/pages\/75\/revisions\/837"}],"wp:attachment":[{"href":"https:\/\/delencresurlespieds.com\/index.php?rest_route=%2Fwp%2Fv2%2Fmedia&parent=75"}],"curies":[{"name":"wp","href":"https:\/\/api.w.org\/{rel}","templated":true}]}}