{"id":826,"date":"2023-10-24T22:22:10","date_gmt":"2023-10-24T20:22:10","guid":{"rendered":"http:\/\/delencresurlespieds.com\/?page_id=826"},"modified":"2023-10-24T22:22:57","modified_gmt":"2023-10-24T20:22:57","slug":"presentation","status":"publish","type":"page","link":"https:\/\/delencresurlespieds.com\/?page_id=826","title":{"rendered":"Pr\u00e9sentation"},"content":{"rendered":"\n<h1 class=\"wp-block-heading\"><strong>De l\u2019encre sur les pieds<\/strong><\/h1>\n\n\n\n<h2 class=\"wp-block-heading\">Rencontrer par la cr\u00e9ation, cr\u00e9er par la rencontre<\/h2>\n\n\n\n<p>L\u2019association <em>De l\u2019encre sur les pieds<\/em>, ce sont des ateliers de danse \u2013 ou m\u00e9lang\u00e9s avec d\u2019autres disciplines artistiques \u2013 ouverts \u00e0 tous, quelque-soit votre \u00e2ge, niveaux ou condition physique. Ces ateliers sont des lieux d\u2019exp\u00e9rimentation et de recherche, de formation, de cr\u00e9ation, en fonction des envies et directions prises par le groupe.<\/p>\n\n\n\n<p>Mais avant tout, nous n\u2019oublions pas que l\u2019association est n\u00e9e de rencontres sans lesquelles rien de tout \u00e7a n\u2019existerait. C\u2019est pourquoi ces ateliers sont avant tout des espaces-temps de rencontre : rencontre de soi, de l\u2019autre, du groupe ; rencontre de notre cr\u00e9ativit\u00e9 personnelle et collective. Il n\u2019est pas rare que ces rencontres cr\u00e9ent de nouveaux espaces (ateliers, cr\u00e9ations, formations) dans lesquels on se rencontre et on cr\u00e9e de nouveaux espaces, et ainsi de suite\u2026<\/p>\n","protected":false},"excerpt":{"rendered":"<p>De l\u2019encre sur les pieds Rencontrer par la cr\u00e9ation, cr\u00e9er par la rencontre L\u2019association De l\u2019encre sur les pieds, ce sont des ateliers de danse \u2013 ou m\u00e9lang\u00e9s avec d\u2019autres disciplines artistiques \u2013 ouverts \u00e0 tous, quelque-soit votre \u00e2ge, niveaux ou condition physique. Ces ateliers sont des lieux d\u2019exp\u00e9rimentation et de recherche, de formation, de cr\u00e9ation, en fonction des envies et directions prises par le groupe. Mais avant tout, nous n\u2019oublions pas que l\u2019association est n\u00e9e de rencontres sans lesquelles rien de tout \u00e7a n\u2019existerait. C\u2019est pourquoi ces ateliers sont avant tout des espaces-temps de rencontre : rencontre de soi, de l\u2019autre, du groupe ; rencontre de notre cr\u00e9ativit\u00e9 personnelle et collective. Il n\u2019est pas rare que ces rencontres cr\u00e9ent de nouveaux espaces (ateliers, cr\u00e9ations, formations) dans lesquels on se rencontre et on cr\u00e9e de nouveaux espaces, et ainsi de suite\u2026<\/p>\n","protected":false},"author":2,"featured_media":0,"parent":0,"menu_order":0,"comment_status":"closed","ping_status":"closed","template":"","meta":{"footnotes":""},"_links":{"self":[{"href":"https:\/\/delencresurlespieds.com\/index.php?rest_route=\/wp\/v2\/pages\/826"}],"collection":[{"href":"https:\/\/delencresurlespieds.com\/index.php?rest_route=\/wp\/v2\/pages"}],"about":[{"href":"https:\/\/delencresurlespieds.com\/index.php?rest_route=\/wp\/v2\/types\/page"}],"author":[{"embeddable":true,"href":"https:\/\/delencresurlespieds.com\/index.php?rest_route=\/wp\/v2\/users\/2"}],"replies":[{"embeddable":true,"href":"https:\/\/delencresurlespieds.com\/index.php?rest_route=%2Fwp%2Fv2%2Fcomments&post=826"}],"version-history":[{"count":1,"href":"https:\/\/delencresurlespieds.com\/index.php?rest_route=\/wp\/v2\/pages\/826\/revisions"}],"predecessor-version":[{"id":827,"href":"https:\/\/delencresurlespieds.com\/index.php?rest_route=\/wp\/v2\/pages\/826\/revisions\/827"}],"wp:attachment":[{"href":"https:\/\/delencresurlespieds.com\/index.php?rest_route=%2Fwp%2Fv2%2Fmedia&parent=826"}],"curies":[{"name":"wp","href":"https:\/\/api.w.org\/{rel}","templated":true}]}}