{"id":849,"date":"2023-10-24T22:53:56","date_gmt":"2023-10-24T20:53:56","guid":{"rendered":"http:\/\/delencresurlespieds.com\/?page_id=849"},"modified":"2023-10-24T22:53:57","modified_gmt":"2023-10-24T20:53:57","slug":"creations","status":"publish","type":"page","link":"https:\/\/delencresurlespieds.com\/?page_id=849","title":{"rendered":"Cr\u00e9ations"},"content":{"rendered":"\n<p>Performances et pi\u00e8ces chor\u00e9graphiques pass\u00e9es et \u00e0 venir.<\/p>\n","protected":false},"excerpt":{"rendered":"<p>Performances et pi\u00e8ces chor\u00e9graphiques pass\u00e9es et \u00e0 venir.<\/p>\n","protected":false},"author":2,"featured_media":0,"parent":0,"menu_order":0,"comment_status":"closed","ping_status":"closed","template":"","meta":{"footnotes":""},"_links":{"self":[{"href":"https:\/\/delencresurlespieds.com\/index.php?rest_route=\/wp\/v2\/pages\/849"}],"collection":[{"href":"https:\/\/delencresurlespieds.com\/index.php?rest_route=\/wp\/v2\/pages"}],"about":[{"href":"https:\/\/delencresurlespieds.com\/index.php?rest_route=\/wp\/v2\/types\/page"}],"author":[{"embeddable":true,"href":"https:\/\/delencresurlespieds.com\/index.php?rest_route=\/wp\/v2\/users\/2"}],"replies":[{"embeddable":true,"href":"https:\/\/delencresurlespieds.com\/index.php?rest_route=%2Fwp%2Fv2%2Fcomments&post=849"}],"version-history":[{"count":1,"href":"https:\/\/delencresurlespieds.com\/index.php?rest_route=\/wp\/v2\/pages\/849\/revisions"}],"predecessor-version":[{"id":850,"href":"https:\/\/delencresurlespieds.com\/index.php?rest_route=\/wp\/v2\/pages\/849\/revisions\/850"}],"wp:attachment":[{"href":"https:\/\/delencresurlespieds.com\/index.php?rest_route=%2Fwp%2Fv2%2Fmedia&parent=849"}],"curies":[{"name":"wp","href":"https:\/\/api.w.org\/{rel}","templated":true}]}}